{"id":9,"date":"2026-01-19T13:34:13","date_gmt":"2026-01-19T13:34:13","guid":{"rendered":"https:\/\/fysio-keskus.fi\/?page_id=9"},"modified":"2026-03-04T15:23:13","modified_gmt":"2026-03-04T15:23:13","slug":"etusivu","status":"publish","type":"page","link":"https:\/\/fysio-keskus.fi\/","title":{"rendered":"Etusivu"},"content":{"rendered":"\n<div class=\"wp-block-buttons is-layout-flex wp-block-buttons-is-layout-flex\">\n<div class=\"wp-block-button\"><a class=\"wp-block-button__link wp-element-button\" href=\"https:\/\/fysio-keskus.fi\/index.php\/palvelut\/\">Palvelumme<\/a><\/div>\n\n\n\n<div class=\"wp-block-button\"><a class=\"wp-block-button__link wp-element-button\">Fysioterapeuttimme<\/a><\/div>\n\n\n\n<div class=\"wp-block-button\"><a class=\"wp-block-button__link wp-element-button\" href=\"https:\/\/fysio-keskus.fi\/index.php\/yhteystiedot\/\">Yhteystiedot<\/a><\/div>\n\n\n\n<div class=\"wp-block-button\"><a class=\"wp-block-button__link wp-element-button\" href=\"https:\/\/www.salille.info\/Sali\/Etusivu.html\" target=\"_blank\" rel=\"noreferrer noopener\">Kuntosali- ja liikuntatila Sali<\/a><\/div>\n\n\n\n<div class=\"wp-block-button\"><a class=\"wp-block-button__link wp-element-button\" href=\"https:\/\/fysio-keskus.fi\/index.php\/blogi\/\">Blogi<\/a><\/div>\n\n\n\n<div class=\"wp-block-button\"><a class=\"wp-block-button__link wp-element-button\" href=\"https:\/\/fysio-keskus.fi\/index.php\/ajankohtaista\/\">Ajankohtaista<\/a><\/div>\n<\/div>\n\n\n\n<div class=\"wp-block-group alignfull has-global-padding is-layout-constrained wp-container-core-group-is-layout-0c9c989a wp-block-group-is-layout-constrained\" style=\"min-height:0vh;margin-top:0;margin-bottom:0;padding-top:var(--wp--preset--spacing--70);padding-right:var(--wp--preset--spacing--40);padding-bottom:var(--wp--preset--spacing--70);padding-left:var(--wp--preset--spacing--40)\">\n<div class=\"wp-block-group has-global-padding is-layout-constrained wp-container-core-group-is-layout-346627ba wp-block-group-is-layout-constrained\">\n<h2 class=\"wp-block-heading has-text-align-center has-xx-large-font-size\" style=\"margin-right:0;margin-left:0;padding-right:0;padding-left:0\">Monipuolista osaamista vuosien kokemuksella!<\/h2>\n\n\n\n<p class=\"has-text-align-center\">Meill\u00e4 Fysiokeskuksella asiakas kohdataan aina yksil\u00f6llisesti ja asiakasl\u00e4ht\u00f6isesti. Haluamme tarjota asiakkaillemme fysioterapiapalvelut pintaa syvemm\u00e4lt\u00e4. Fysioterapeuttimme ovat laajasti ja ajantasaisesti kouluttautuneita monipuolisia osaajia.<\/p>\n\n\n\n<div class=\"wp-block-buttons is-content-justification-center is-layout-flex wp-container-core-buttons-is-layout-a89b3969 wp-block-buttons-is-layout-flex\">\n<div class=\"wp-block-button\"><a class=\"wp-block-button__link wp-element-button\" href=\"https:\/\/fysio-keskus.fi\/index.php\/yhteystiedot\/\"><strong>Ota yhteytt\u00e4!<\/strong><\/a><\/div>\n<\/div>\n<\/div>\n<\/div>\n\n\n\n<div class=\"wp-block-group alignfull is-style-section-1 has-global-padding is-layout-constrained wp-block-group-is-layout-constrained is-style-section-1--1\" style=\"margin-top:0;margin-bottom:0;padding-top:var(--wp--preset--spacing--80);padding-bottom:var(--wp--preset--spacing--80)\">\n<div class=\"wp-block-columns alignwide is-layout-flex wp-container-core-columns-is-layout-66fad18a wp-block-columns-is-layout-flex\">\n<div class=\"wp-block-column is-vertically-aligned-center is-layout-flow wp-block-column-is-layout-flow\" style=\"padding-right:0;padding-left:0;flex-basis:50%\">\n<h2 class=\"wp-block-heading\">Toimintamme:<\/h2>\n\n\n\n<p>Fysiokeskus tarjoaa asiantuntevaa ja yksil\u00f6llist\u00e4 fysioterapiaa \u00c4ht\u00e4riss\u00e4 ja Soinissa.<br><\/p>\n\n\n\n<p>Ty\u00f6mme perustuu huolelliseen tutkimiseen, toiminnalliseen harjoitteluun ja asiakkaan arkeen sopiviin ratkaisuihin.<\/p>\n\n\n\n<p>Tavoitteenamme on:<\/p>\n\n\n\n<ul class=\"wp-block-list\">\n<li>lievitt\u00e4\u00e4 kipua<\/li>\n\n\n\n<li>parantaa toimintakyky\u00e4<\/li>\n\n\n\n<li>tukea ty\u00f6ss\u00e4 ja arjessa jaksamista<\/li>\n<\/ul>\n<\/div>\n\n\n\n<div class=\"wp-block-column is-layout-flow wp-block-column-is-layout-flow\" style=\"padding-right:var(--wp--preset--spacing--50);flex-basis:45%\">\n<figure class=\"wp-block-image size-full\"><img loading=\"lazy\" decoding=\"async\" width=\"1280\" height=\"853\" src=\"https:\/\/fysio-keskus.fi\/wp-content\/uploads\/2026\/01\/acupuncture-9973307_1280.jpg\" alt=\"\" class=\"wp-image-15\" srcset=\"https:\/\/fysio-keskus.fi\/wp-content\/uploads\/2026\/01\/acupuncture-9973307_1280.jpg 1280w, https:\/\/fysio-keskus.fi\/wp-content\/uploads\/2026\/01\/acupuncture-9973307_1280-300x200.jpg 300w, https:\/\/fysio-keskus.fi\/wp-content\/uploads\/2026\/01\/acupuncture-9973307_1280-1024x682.jpg 1024w, https:\/\/fysio-keskus.fi\/wp-content\/uploads\/2026\/01\/acupuncture-9973307_1280-768x512.jpg 768w\" sizes=\"auto, (max-width: 1280px) 100vw, 1280px\" \/><\/figure>\n\n\n\n<div class=\"wp-block-group has-global-padding is-layout-constrained wp-block-group-is-layout-constrained\" style=\"margin-top:-12vw\"><\/div>\n\n\n\n<figure class=\"wp-block-image alignright size-full is-resized\" style=\"margin-right:-5vw;margin-left:-5vw\"><img loading=\"lazy\" decoding=\"async\" width=\"773\" height=\"612\" src=\"https:\/\/fysio-keskus.fi\/wp-content\/uploads\/2026\/01\/Nayttokuva-2026-01-13-150256.jpg\" alt=\"\" class=\"wp-image-17\" style=\"width:260px;height:auto\" srcset=\"https:\/\/fysio-keskus.fi\/wp-content\/uploads\/2026\/01\/Nayttokuva-2026-01-13-150256.jpg 773w, https:\/\/fysio-keskus.fi\/wp-content\/uploads\/2026\/01\/Nayttokuva-2026-01-13-150256-300x238.jpg 300w, https:\/\/fysio-keskus.fi\/wp-content\/uploads\/2026\/01\/Nayttokuva-2026-01-13-150256-768x608.jpg 768w\" sizes=\"auto, (max-width: 773px) 100vw, 773px\" \/><\/figure>\n<\/div>\n<\/div>\n<\/div>\n","protected":false},"excerpt":{"rendered":"<p>Monipuolista osaamista vuosien kokemuksella! Meill\u00e4 Fysiokeskuksella asiakas kohdataan aina yksil\u00f6llisesti ja asiakasl\u00e4ht\u00f6isesti. Haluamme tarjota asiakkaillemme fysioterapiapalvelut pintaa syvemm\u00e4lt\u00e4. Fysioterapeuttimme ovat laajasti ja ajantasaisesti kouluttautuneita monipuolisia osaajia. Toimintamme: Fysiokeskus tarjoaa asiantuntevaa ja yksil\u00f6llist\u00e4 fysioterapiaa \u00c4ht\u00e4riss\u00e4 ja Soinissa. Ty\u00f6mme perustuu huolelliseen tutkimiseen, toiminnalliseen harjoitteluun ja asiakkaan arkeen sopiviin ratkaisuihin. Tavoitteenamme on:<\/p>\n","protected":false},"author":1,"featured_media":12,"parent":0,"menu_order":1,"comment_status":"closed","ping_status":"closed","template":"","meta":{"footnotes":""},"class_list":["post-9","page","type-page","status-publish","has-post-thumbnail","hentry"],"yoast_head":"<!-- This site is optimized with the Yoast SEO plugin v26.7 - https:\/\/yoast.com\/wordpress\/plugins\/seo\/ -->\n<title>Etusivu - Ostolan Fysio Keskus Oy<\/title>\n<meta name=\"robots\" content=\"index, follow, max-snippet:-1, max-image-preview:large, max-video-preview:-1\" \/>\n<link rel=\"canonical\" href=\"https:\/\/fysio-keskus.fi\/\" \/>\n<meta property=\"og:locale\" content=\"fi_FI\" \/>\n<meta property=\"og:type\" content=\"article\" \/>\n<meta property=\"og:title\" content=\"Etusivu - Ostolan Fysio Keskus Oy\" \/>\n<meta property=\"og:description\" content=\"Monipuolista osaamista vuosien kokemuksella! Meill\u00e4 Fysiokeskuksella asiakas kohdataan aina yksil\u00f6llisesti ja asiakasl\u00e4ht\u00f6isesti. Haluamme tarjota asiakkaillemme fysioterapiapalvelut pintaa syvemm\u00e4lt\u00e4. Fysioterapeuttimme ovat laajasti ja ajantasaisesti kouluttautuneita monipuolisia osaajia. Toimintamme: Fysiokeskus tarjoaa asiantuntevaa ja yksil\u00f6llist\u00e4 fysioterapiaa \u00c4ht\u00e4riss\u00e4 ja Soinissa. Ty\u00f6mme perustuu huolelliseen tutkimiseen, toiminnalliseen harjoitteluun ja asiakkaan arkeen sopiviin ratkaisuihin. Tavoitteenamme on:\" \/>\n<meta property=\"og:url\" content=\"https:\/\/fysio-keskus.fi\/\" \/>\n<meta property=\"og:site_name\" content=\"Ostolan Fysio Keskus Oy\" \/>\n<meta property=\"article:modified_time\" content=\"2026-03-04T15:23:13+00:00\" \/>\n<meta property=\"og:image\" content=\"https:\/\/fysio-keskus.fi\/wp-content\/uploads\/2026\/01\/Fysiokeskus-logo.jpg\" \/>\n\t<meta property=\"og:image:width\" content=\"592\" \/>\n\t<meta property=\"og:image:height\" content=\"122\" \/>\n\t<meta property=\"og:image:type\" content=\"image\/jpeg\" \/>\n<meta name=\"twitter:card\" content=\"summary_large_image\" \/>\n<script type=\"application\/ld+json\" class=\"yoast-schema-graph\">{\"@context\":\"https:\/\/schema.org\",\"@graph\":[{\"@type\":\"WebPage\",\"@id\":\"https:\/\/fysio-keskus.fi\/\",\"url\":\"https:\/\/fysio-keskus.fi\/\",\"name\":\"Etusivu - Ostolan Fysio Keskus Oy\",\"isPartOf\":{\"@id\":\"https:\/\/fysio-keskus.fi\/#website\"},\"primaryImageOfPage\":{\"@id\":\"https:\/\/fysio-keskus.fi\/#primaryimage\"},\"image\":{\"@id\":\"https:\/\/fysio-keskus.fi\/#primaryimage\"},\"thumbnailUrl\":\"https:\/\/fysio-keskus.fi\/wp-content\/uploads\/2026\/01\/Fysiokeskus-logo.jpg\",\"datePublished\":\"2026-01-19T13:34:13+00:00\",\"dateModified\":\"2026-03-04T15:23:13+00:00\",\"breadcrumb\":{\"@id\":\"https:\/\/fysio-keskus.fi\/#breadcrumb\"},\"inLanguage\":\"fi\",\"potentialAction\":[{\"@type\":\"ReadAction\",\"target\":[\"https:\/\/fysio-keskus.fi\/\"]}]},{\"@type\":\"ImageObject\",\"inLanguage\":\"fi\",\"@id\":\"https:\/\/fysio-keskus.fi\/#primaryimage\",\"url\":\"https:\/\/fysio-keskus.fi\/wp-content\/uploads\/2026\/01\/Fysiokeskus-logo.jpg\",\"contentUrl\":\"https:\/\/fysio-keskus.fi\/wp-content\/uploads\/2026\/01\/Fysiokeskus-logo.jpg\",\"width\":592,\"height\":122},{\"@type\":\"BreadcrumbList\",\"@id\":\"https:\/\/fysio-keskus.fi\/#breadcrumb\",\"itemListElement\":[{\"@type\":\"ListItem\",\"position\":1,\"name\":\"Etusivu\",\"item\":\"https:\/\/fysio-keskus.fi\/\"},{\"@type\":\"ListItem\",\"position\":2,\"name\":\"Etusivu\"}]},{\"@type\":\"WebSite\",\"@id\":\"https:\/\/fysio-keskus.fi\/#website\",\"url\":\"https:\/\/fysio-keskus.fi\/\",\"name\":\"Ostolan Fysio Keskus Oy\",\"description\":\"Ostolantie 5 a 1  63700 \u00c4ht\u00e4ri\",\"potentialAction\":[{\"@type\":\"SearchAction\",\"target\":{\"@type\":\"EntryPoint\",\"urlTemplate\":\"https:\/\/fysio-keskus.fi\/?s={search_term_string}\"},\"query-input\":{\"@type\":\"PropertyValueSpecification\",\"valueRequired\":true,\"valueName\":\"search_term_string\"}}],\"inLanguage\":\"fi\"}]}<\/script>\n<!-- \/ Yoast SEO plugin. -->","yoast_head_json":{"title":"Etusivu - Ostolan Fysio Keskus Oy","robots":{"index":"index","follow":"follow","max-snippet":"max-snippet:-1","max-image-preview":"max-image-preview:large","max-video-preview":"max-video-preview:-1"},"canonical":"https:\/\/fysio-keskus.fi\/","og_locale":"fi_FI","og_type":"article","og_title":"Etusivu - Ostolan Fysio Keskus Oy","og_description":"Monipuolista osaamista vuosien kokemuksella! Meill\u00e4 Fysiokeskuksella asiakas kohdataan aina yksil\u00f6llisesti ja asiakasl\u00e4ht\u00f6isesti. Haluamme tarjota asiakkaillemme fysioterapiapalvelut pintaa syvemm\u00e4lt\u00e4. Fysioterapeuttimme ovat laajasti ja ajantasaisesti kouluttautuneita monipuolisia osaajia. Toimintamme: Fysiokeskus tarjoaa asiantuntevaa ja yksil\u00f6llist\u00e4 fysioterapiaa \u00c4ht\u00e4riss\u00e4 ja Soinissa. Ty\u00f6mme perustuu huolelliseen tutkimiseen, toiminnalliseen harjoitteluun ja asiakkaan arkeen sopiviin ratkaisuihin. Tavoitteenamme on:","og_url":"https:\/\/fysio-keskus.fi\/","og_site_name":"Ostolan Fysio Keskus Oy","article_modified_time":"2026-03-04T15:23:13+00:00","og_image":[{"width":592,"height":122,"url":"https:\/\/fysio-keskus.fi\/wp-content\/uploads\/2026\/01\/Fysiokeskus-logo.jpg","type":"image\/jpeg"}],"twitter_card":"summary_large_image","schema":{"@context":"https:\/\/schema.org","@graph":[{"@type":"WebPage","@id":"https:\/\/fysio-keskus.fi\/","url":"https:\/\/fysio-keskus.fi\/","name":"Etusivu - Ostolan Fysio Keskus Oy","isPartOf":{"@id":"https:\/\/fysio-keskus.fi\/#website"},"primaryImageOfPage":{"@id":"https:\/\/fysio-keskus.fi\/#primaryimage"},"image":{"@id":"https:\/\/fysio-keskus.fi\/#primaryimage"},"thumbnailUrl":"https:\/\/fysio-keskus.fi\/wp-content\/uploads\/2026\/01\/Fysiokeskus-logo.jpg","datePublished":"2026-01-19T13:34:13+00:00","dateModified":"2026-03-04T15:23:13+00:00","breadcrumb":{"@id":"https:\/\/fysio-keskus.fi\/#breadcrumb"},"inLanguage":"fi","potentialAction":[{"@type":"ReadAction","target":["https:\/\/fysio-keskus.fi\/"]}]},{"@type":"ImageObject","inLanguage":"fi","@id":"https:\/\/fysio-keskus.fi\/#primaryimage","url":"https:\/\/fysio-keskus.fi\/wp-content\/uploads\/2026\/01\/Fysiokeskus-logo.jpg","contentUrl":"https:\/\/fysio-keskus.fi\/wp-content\/uploads\/2026\/01\/Fysiokeskus-logo.jpg","width":592,"height":122},{"@type":"BreadcrumbList","@id":"https:\/\/fysio-keskus.fi\/#breadcrumb","itemListElement":[{"@type":"ListItem","position":1,"name":"Etusivu","item":"https:\/\/fysio-keskus.fi\/"},{"@type":"ListItem","position":2,"name":"Etusivu"}]},{"@type":"WebSite","@id":"https:\/\/fysio-keskus.fi\/#website","url":"https:\/\/fysio-keskus.fi\/","name":"Ostolan Fysio Keskus Oy","description":"Ostolantie 5 a 1  63700 \u00c4ht\u00e4ri","potentialAction":[{"@type":"SearchAction","target":{"@type":"EntryPoint","urlTemplate":"https:\/\/fysio-keskus.fi\/?s={search_term_string}"},"query-input":{"@type":"PropertyValueSpecification","valueRequired":true,"valueName":"search_term_string"}}],"inLanguage":"fi"}]}},"_links":{"self":[{"href":"https:\/\/fysio-keskus.fi\/index.php\/wp-json\/wp\/v2\/pages\/9","targetHints":{"allow":["GET"]}}],"collection":[{"href":"https:\/\/fysio-keskus.fi\/index.php\/wp-json\/wp\/v2\/pages"}],"about":[{"href":"https:\/\/fysio-keskus.fi\/index.php\/wp-json\/wp\/v2\/types\/page"}],"author":[{"embeddable":true,"href":"https:\/\/fysio-keskus.fi\/index.php\/wp-json\/wp\/v2\/users\/1"}],"replies":[{"embeddable":true,"href":"https:\/\/fysio-keskus.fi\/index.php\/wp-json\/wp\/v2\/comments?post=9"}],"version-history":[{"count":14,"href":"https:\/\/fysio-keskus.fi\/index.php\/wp-json\/wp\/v2\/pages\/9\/revisions"}],"predecessor-version":[{"id":95,"href":"https:\/\/fysio-keskus.fi\/index.php\/wp-json\/wp\/v2\/pages\/9\/revisions\/95"}],"wp:featuredmedia":[{"embeddable":true,"href":"https:\/\/fysio-keskus.fi\/index.php\/wp-json\/wp\/v2\/media\/12"}],"wp:attachment":[{"href":"https:\/\/fysio-keskus.fi\/index.php\/wp-json\/wp\/v2\/media?parent=9"}],"curies":[{"name":"wp","href":"https:\/\/api.w.org\/{rel}","templated":true}]}}