{"id":83,"date":"2026-03-04T14:59:07","date_gmt":"2026-03-04T14:59:07","guid":{"rendered":"https:\/\/fysio-keskus.fi\/?page_id=83"},"modified":"2026-03-04T15:05:04","modified_gmt":"2026-03-04T15:05:04","slug":"ajankohtaista","status":"publish","type":"page","link":"https:\/\/fysio-keskus.fi\/index.php\/ajankohtaista\/","title":{"rendered":"Ajankohtaista"},"content":{"rendered":"\n<div class=\"wp-block-cover alignfull is-light has-contrast-color has-text-color has-link-color wp-elements-cf4c19cc3ff3214c5703db919e2e2f5f\" style=\"margin-top:0;margin-bottom:0;padding-top:var(--wp--preset--spacing--60);padding-right:var(--wp--preset--spacing--50);padding-bottom:var(--wp--preset--spacing--60);padding-left:var(--wp--preset--spacing--50)\"><span aria-hidden=\"true\" class=\"wp-block-cover__background has-base-background-color has-background-dim-100 has-background-dim\"><\/span><div class=\"wp-block-cover__inner-container has-global-padding is-layout-constrained wp-container-core-cover-is-layout-873ee6b1 wp-block-cover-is-layout-constrained\">\n<div class=\"wp-block-columns alignwide is-layout-flex wp-container-core-columns-is-layout-7ee84d44 wp-block-columns-is-layout-flex\">\n<div class=\"wp-block-column is-layout-flow wp-block-column-is-layout-flow\" style=\"flex-basis:65%\">\n<div class=\"wp-block-group is-vertical is-content-justification-stretch is-layout-flex wp-container-core-group-is-layout-353c4f5a wp-block-group-is-layout-flex\">\n<p class=\"is-style-text-subtitle is-style-text-subtitle--1\">T\u00e4\u00e4lt\u00e4 l\u00f6yd\u00e4t ajankohtaisia asioita yritykseemme tai palveluihimme liittyen.<\/p>\n<\/div>\n<\/div>\n\n\n\n<div class=\"wp-block-column is-layout-flow wp-block-column-is-layout-flow\" style=\"flex-basis:35%\">\n<div class=\"wp-block-group is-vertical is-content-justification-stretch is-nowrap is-layout-flex wp-container-core-group-is-layout-73b0033c wp-block-group-is-layout-flex\">\n<figure class=\"wp-block-image size-full\"><img loading=\"lazy\" decoding=\"async\" width=\"1280\" height=\"854\" src=\"https:\/\/fysio-keskus.fi\/wp-content\/uploads\/2026\/03\/viarami-news-update-8499266_1280.jpg\" alt=\"\" class=\"wp-image-84\" style=\"aspect-ratio:3\/4;object-fit:cover\" srcset=\"https:\/\/fysio-keskus.fi\/wp-content\/uploads\/2026\/03\/viarami-news-update-8499266_1280.jpg 1280w, https:\/\/fysio-keskus.fi\/wp-content\/uploads\/2026\/03\/viarami-news-update-8499266_1280-300x200.jpg 300w, https:\/\/fysio-keskus.fi\/wp-content\/uploads\/2026\/03\/viarami-news-update-8499266_1280-1024x683.jpg 1024w, https:\/\/fysio-keskus.fi\/wp-content\/uploads\/2026\/03\/viarami-news-update-8499266_1280-768x512.jpg 768w\" sizes=\"auto, (max-width: 1280px) 100vw, 1280px\" \/><\/figure>\n<\/div>\n<\/div>\n<\/div>\n<\/div><\/div>\n","protected":false},"excerpt":{"rendered":"","protected":false},"author":1,"featured_media":0,"parent":0,"menu_order":0,"comment_status":"closed","ping_status":"closed","template":"","meta":{"footnotes":""},"class_list":["post-83","page","type-page","status-publish","hentry"],"yoast_head":"<!-- This site is optimized with the Yoast SEO plugin v26.7 - https:\/\/yoast.com\/wordpress\/plugins\/seo\/ -->\n<title>Ajankohtaista - Ostolan Fysio Keskus Oy<\/title>\n<meta name=\"robots\" content=\"index, follow, max-snippet:-1, max-image-preview:large, max-video-preview:-1\" \/>\n<link rel=\"canonical\" href=\"https:\/\/fysio-keskus.fi\/index.php\/ajankohtaista\/\" \/>\n<meta property=\"og:locale\" content=\"fi_FI\" \/>\n<meta property=\"og:type\" content=\"article\" \/>\n<meta property=\"og:title\" content=\"Ajankohtaista - Ostolan Fysio Keskus Oy\" \/>\n<meta property=\"og:url\" content=\"https:\/\/fysio-keskus.fi\/index.php\/ajankohtaista\/\" \/>\n<meta property=\"og:site_name\" content=\"Ostolan Fysio Keskus Oy\" \/>\n<meta property=\"article:modified_time\" content=\"2026-03-04T15:05:04+00:00\" \/>\n<meta property=\"og:image\" content=\"https:\/\/fysio-keskus.fi\/wp-content\/uploads\/2026\/03\/viarami-news-update-8499266_1280.jpg\" \/>\n\t<meta property=\"og:image:width\" content=\"1280\" \/>\n\t<meta property=\"og:image:height\" content=\"854\" \/>\n\t<meta property=\"og:image:type\" content=\"image\/jpeg\" \/>\n<meta name=\"twitter:card\" content=\"summary_large_image\" \/>\n<script type=\"application\/ld+json\" class=\"yoast-schema-graph\">{\"@context\":\"https:\/\/schema.org\",\"@graph\":[{\"@type\":\"WebPage\",\"@id\":\"https:\/\/fysio-keskus.fi\/index.php\/ajankohtaista\/\",\"url\":\"https:\/\/fysio-keskus.fi\/index.php\/ajankohtaista\/\",\"name\":\"Ajankohtaista - Ostolan Fysio Keskus Oy\",\"isPartOf\":{\"@id\":\"https:\/\/fysio-keskus.fi\/#website\"},\"primaryImageOfPage\":{\"@id\":\"https:\/\/fysio-keskus.fi\/index.php\/ajankohtaista\/#primaryimage\"},\"image\":{\"@id\":\"https:\/\/fysio-keskus.fi\/index.php\/ajankohtaista\/#primaryimage\"},\"thumbnailUrl\":\"https:\/\/fysio-keskus.fi\/wp-content\/uploads\/2026\/03\/viarami-news-update-8499266_1280.jpg\",\"datePublished\":\"2026-03-04T14:59:07+00:00\",\"dateModified\":\"2026-03-04T15:05:04+00:00\",\"breadcrumb\":{\"@id\":\"https:\/\/fysio-keskus.fi\/index.php\/ajankohtaista\/#breadcrumb\"},\"inLanguage\":\"fi\",\"potentialAction\":[{\"@type\":\"ReadAction\",\"target\":[\"https:\/\/fysio-keskus.fi\/index.php\/ajankohtaista\/\"]}]},{\"@type\":\"ImageObject\",\"inLanguage\":\"fi\",\"@id\":\"https:\/\/fysio-keskus.fi\/index.php\/ajankohtaista\/#primaryimage\",\"url\":\"https:\/\/fysio-keskus.fi\/wp-content\/uploads\/2026\/03\/viarami-news-update-8499266_1280.jpg\",\"contentUrl\":\"https:\/\/fysio-keskus.fi\/wp-content\/uploads\/2026\/03\/viarami-news-update-8499266_1280.jpg\",\"width\":1280,\"height\":854},{\"@type\":\"BreadcrumbList\",\"@id\":\"https:\/\/fysio-keskus.fi\/index.php\/ajankohtaista\/#breadcrumb\",\"itemListElement\":[{\"@type\":\"ListItem\",\"position\":1,\"name\":\"Etusivu\",\"item\":\"https:\/\/fysio-keskus.fi\/\"},{\"@type\":\"ListItem\",\"position\":2,\"name\":\"Ajankohtaista\"}]},{\"@type\":\"WebSite\",\"@id\":\"https:\/\/fysio-keskus.fi\/#website\",\"url\":\"https:\/\/fysio-keskus.fi\/\",\"name\":\"Ostolan Fysio Keskus Oy\",\"description\":\"Ostolantie 5 a 1  63700 \u00c4ht\u00e4ri\",\"potentialAction\":[{\"@type\":\"SearchAction\",\"target\":{\"@type\":\"EntryPoint\",\"urlTemplate\":\"https:\/\/fysio-keskus.fi\/?s={search_term_string}\"},\"query-input\":{\"@type\":\"PropertyValueSpecification\",\"valueRequired\":true,\"valueName\":\"search_term_string\"}}],\"inLanguage\":\"fi\"}]}<\/script>\n<!-- \/ Yoast SEO plugin. -->","yoast_head_json":{"title":"Ajankohtaista - Ostolan Fysio Keskus Oy","robots":{"index":"index","follow":"follow","max-snippet":"max-snippet:-1","max-image-preview":"max-image-preview:large","max-video-preview":"max-video-preview:-1"},"canonical":"https:\/\/fysio-keskus.fi\/index.php\/ajankohtaista\/","og_locale":"fi_FI","og_type":"article","og_title":"Ajankohtaista - Ostolan Fysio Keskus Oy","og_url":"https:\/\/fysio-keskus.fi\/index.php\/ajankohtaista\/","og_site_name":"Ostolan Fysio Keskus Oy","article_modified_time":"2026-03-04T15:05:04+00:00","og_image":[{"width":1280,"height":854,"url":"https:\/\/fysio-keskus.fi\/wp-content\/uploads\/2026\/03\/viarami-news-update-8499266_1280.jpg","type":"image\/jpeg"}],"twitter_card":"summary_large_image","schema":{"@context":"https:\/\/schema.org","@graph":[{"@type":"WebPage","@id":"https:\/\/fysio-keskus.fi\/index.php\/ajankohtaista\/","url":"https:\/\/fysio-keskus.fi\/index.php\/ajankohtaista\/","name":"Ajankohtaista - Ostolan Fysio Keskus Oy","isPartOf":{"@id":"https:\/\/fysio-keskus.fi\/#website"},"primaryImageOfPage":{"@id":"https:\/\/fysio-keskus.fi\/index.php\/ajankohtaista\/#primaryimage"},"image":{"@id":"https:\/\/fysio-keskus.fi\/index.php\/ajankohtaista\/#primaryimage"},"thumbnailUrl":"https:\/\/fysio-keskus.fi\/wp-content\/uploads\/2026\/03\/viarami-news-update-8499266_1280.jpg","datePublished":"2026-03-04T14:59:07+00:00","dateModified":"2026-03-04T15:05:04+00:00","breadcrumb":{"@id":"https:\/\/fysio-keskus.fi\/index.php\/ajankohtaista\/#breadcrumb"},"inLanguage":"fi","potentialAction":[{"@type":"ReadAction","target":["https:\/\/fysio-keskus.fi\/index.php\/ajankohtaista\/"]}]},{"@type":"ImageObject","inLanguage":"fi","@id":"https:\/\/fysio-keskus.fi\/index.php\/ajankohtaista\/#primaryimage","url":"https:\/\/fysio-keskus.fi\/wp-content\/uploads\/2026\/03\/viarami-news-update-8499266_1280.jpg","contentUrl":"https:\/\/fysio-keskus.fi\/wp-content\/uploads\/2026\/03\/viarami-news-update-8499266_1280.jpg","width":1280,"height":854},{"@type":"BreadcrumbList","@id":"https:\/\/fysio-keskus.fi\/index.php\/ajankohtaista\/#breadcrumb","itemListElement":[{"@type":"ListItem","position":1,"name":"Etusivu","item":"https:\/\/fysio-keskus.fi\/"},{"@type":"ListItem","position":2,"name":"Ajankohtaista"}]},{"@type":"WebSite","@id":"https:\/\/fysio-keskus.fi\/#website","url":"https:\/\/fysio-keskus.fi\/","name":"Ostolan Fysio Keskus Oy","description":"Ostolantie 5 a 1  63700 \u00c4ht\u00e4ri","potentialAction":[{"@type":"SearchAction","target":{"@type":"EntryPoint","urlTemplate":"https:\/\/fysio-keskus.fi\/?s={search_term_string}"},"query-input":{"@type":"PropertyValueSpecification","valueRequired":true,"valueName":"search_term_string"}}],"inLanguage":"fi"}]}},"_links":{"self":[{"href":"https:\/\/fysio-keskus.fi\/index.php\/wp-json\/wp\/v2\/pages\/83","targetHints":{"allow":["GET"]}}],"collection":[{"href":"https:\/\/fysio-keskus.fi\/index.php\/wp-json\/wp\/v2\/pages"}],"about":[{"href":"https:\/\/fysio-keskus.fi\/index.php\/wp-json\/wp\/v2\/types\/page"}],"author":[{"embeddable":true,"href":"https:\/\/fysio-keskus.fi\/index.php\/wp-json\/wp\/v2\/users\/1"}],"replies":[{"embeddable":true,"href":"https:\/\/fysio-keskus.fi\/index.php\/wp-json\/wp\/v2\/comments?post=83"}],"version-history":[{"count":2,"href":"https:\/\/fysio-keskus.fi\/index.php\/wp-json\/wp\/v2\/pages\/83\/revisions"}],"predecessor-version":[{"id":92,"href":"https:\/\/fysio-keskus.fi\/index.php\/wp-json\/wp\/v2\/pages\/83\/revisions\/92"}],"wp:attachment":[{"href":"https:\/\/fysio-keskus.fi\/index.php\/wp-json\/wp\/v2\/media?parent=83"}],"curies":[{"name":"wp","href":"https:\/\/api.w.org\/{rel}","templated":true}]}}