{"id":33,"date":"2026-01-19T13:38:36","date_gmt":"2026-01-19T13:38:36","guid":{"rendered":"https:\/\/fysio-keskus.fi\/?page_id=33"},"modified":"2026-02-03T06:47:23","modified_gmt":"2026-02-03T06:47:23","slug":"yhteystiedot","status":"publish","type":"page","link":"https:\/\/fysio-keskus.fi\/index.php\/yhteystiedot\/","title":{"rendered":"Yhteystiedot"},"content":{"rendered":"\n<div class=\"wp-block-group alignfull has-global-padding is-layout-constrained wp-container-core-group-is-layout-0c9c989a wp-block-group-is-layout-constrained\" style=\"min-height:0vh;margin-top:0;margin-bottom:0;padding-top:var(--wp--preset--spacing--70);padding-right:var(--wp--preset--spacing--40);padding-bottom:var(--wp--preset--spacing--70);padding-left:var(--wp--preset--spacing--40)\">\n<div class=\"wp-block-group has-global-padding is-layout-constrained wp-container-core-group-is-layout-346627ba wp-block-group-is-layout-constrained\">\n<h2 class=\"wp-block-heading has-text-align-center has-xx-large-font-size\" style=\"margin-right:0;margin-left:0;padding-right:0;padding-left:0\">Varaa aika palveluihimme puhelimitse, ota yhteytt\u00e4 s\u00e4hk\u00f6postitse tai poikkea k\u00e4ym\u00e4\u00e4n:<\/h2>\n\n\n\n<p class=\"has-text-align-center\"><strong>\u00c4ht\u00e4ri<\/strong><br>Ostolantie 5 A 1<\/p>\n\n\n\n<p class=\"has-text-align-center\">\ud83d\udcde 06-5331944<br>\ud83d\udce7 ilkka.kytta@fysio-keskus.fi<\/p>\n<\/div>\n<\/div>\n","protected":false},"excerpt":{"rendered":"<p>Varaa aika palveluihimme puhelimitse, ota yhteytt\u00e4 s\u00e4hk\u00f6postitse tai poikkea k\u00e4ym\u00e4\u00e4n: \u00c4ht\u00e4riOstolantie 5 A 1 \ud83d\udcde 06-5331944\ud83d\udce7 ilkka.kytta@fysio-keskus.fi<\/p>\n","protected":false},"author":1,"featured_media":0,"parent":0,"menu_order":0,"comment_status":"closed","ping_status":"closed","template":"","meta":{"footnotes":""},"class_list":["post-33","page","type-page","status-publish","hentry"],"yoast_head":"<!-- This site is optimized with the Yoast SEO plugin v26.7 - https:\/\/yoast.com\/wordpress\/plugins\/seo\/ -->\n<title>Yhteystiedot - Ostolan Fysio Keskus Oy<\/title>\n<meta name=\"robots\" content=\"index, follow, max-snippet:-1, max-image-preview:large, max-video-preview:-1\" \/>\n<link rel=\"canonical\" href=\"https:\/\/fysio-keskus.fi\/index.php\/yhteystiedot\/\" \/>\n<meta property=\"og:locale\" content=\"fi_FI\" \/>\n<meta property=\"og:type\" content=\"article\" \/>\n<meta property=\"og:title\" content=\"Yhteystiedot - Ostolan Fysio Keskus Oy\" \/>\n<meta property=\"og:description\" content=\"Varaa aika palveluihimme puhelimitse, ota yhteytt\u00e4 s\u00e4hk\u00f6postitse tai poikkea k\u00e4ym\u00e4\u00e4n: \u00c4ht\u00e4riOstolantie 5 A 1 \ud83d\udcde 06-5331944\ud83d\udce7 ilkka.kytta@fysio-keskus.fi\" \/>\n<meta property=\"og:url\" content=\"https:\/\/fysio-keskus.fi\/index.php\/yhteystiedot\/\" \/>\n<meta property=\"og:site_name\" content=\"Ostolan Fysio Keskus Oy\" \/>\n<meta property=\"article:modified_time\" content=\"2026-02-03T06:47:23+00:00\" \/>\n<meta name=\"twitter:card\" content=\"summary_large_image\" \/>\n<script type=\"application\/ld+json\" class=\"yoast-schema-graph\">{\"@context\":\"https:\/\/schema.org\",\"@graph\":[{\"@type\":\"WebPage\",\"@id\":\"https:\/\/fysio-keskus.fi\/index.php\/yhteystiedot\/\",\"url\":\"https:\/\/fysio-keskus.fi\/index.php\/yhteystiedot\/\",\"name\":\"Yhteystiedot - Ostolan Fysio Keskus Oy\",\"isPartOf\":{\"@id\":\"https:\/\/fysio-keskus.fi\/#website\"},\"datePublished\":\"2026-01-19T13:38:36+00:00\",\"dateModified\":\"2026-02-03T06:47:23+00:00\",\"breadcrumb\":{\"@id\":\"https:\/\/fysio-keskus.fi\/index.php\/yhteystiedot\/#breadcrumb\"},\"inLanguage\":\"fi\",\"potentialAction\":[{\"@type\":\"ReadAction\",\"target\":[\"https:\/\/fysio-keskus.fi\/index.php\/yhteystiedot\/\"]}]},{\"@type\":\"BreadcrumbList\",\"@id\":\"https:\/\/fysio-keskus.fi\/index.php\/yhteystiedot\/#breadcrumb\",\"itemListElement\":[{\"@type\":\"ListItem\",\"position\":1,\"name\":\"Etusivu\",\"item\":\"https:\/\/fysio-keskus.fi\/\"},{\"@type\":\"ListItem\",\"position\":2,\"name\":\"Yhteystiedot\"}]},{\"@type\":\"WebSite\",\"@id\":\"https:\/\/fysio-keskus.fi\/#website\",\"url\":\"https:\/\/fysio-keskus.fi\/\",\"name\":\"Ostolan Fysio Keskus Oy\",\"description\":\"Ostolantie 5 a 1  63700 \u00c4ht\u00e4ri\",\"potentialAction\":[{\"@type\":\"SearchAction\",\"target\":{\"@type\":\"EntryPoint\",\"urlTemplate\":\"https:\/\/fysio-keskus.fi\/?s={search_term_string}\"},\"query-input\":{\"@type\":\"PropertyValueSpecification\",\"valueRequired\":true,\"valueName\":\"search_term_string\"}}],\"inLanguage\":\"fi\"}]}<\/script>\n<!-- \/ Yoast SEO plugin. -->","yoast_head_json":{"title":"Yhteystiedot - Ostolan Fysio Keskus Oy","robots":{"index":"index","follow":"follow","max-snippet":"max-snippet:-1","max-image-preview":"max-image-preview:large","max-video-preview":"max-video-preview:-1"},"canonical":"https:\/\/fysio-keskus.fi\/index.php\/yhteystiedot\/","og_locale":"fi_FI","og_type":"article","og_title":"Yhteystiedot - Ostolan Fysio Keskus Oy","og_description":"Varaa aika palveluihimme puhelimitse, ota yhteytt\u00e4 s\u00e4hk\u00f6postitse tai poikkea k\u00e4ym\u00e4\u00e4n: \u00c4ht\u00e4riOstolantie 5 A 1 \ud83d\udcde 06-5331944\ud83d\udce7 ilkka.kytta@fysio-keskus.fi","og_url":"https:\/\/fysio-keskus.fi\/index.php\/yhteystiedot\/","og_site_name":"Ostolan Fysio Keskus Oy","article_modified_time":"2026-02-03T06:47:23+00:00","twitter_card":"summary_large_image","schema":{"@context":"https:\/\/schema.org","@graph":[{"@type":"WebPage","@id":"https:\/\/fysio-keskus.fi\/index.php\/yhteystiedot\/","url":"https:\/\/fysio-keskus.fi\/index.php\/yhteystiedot\/","name":"Yhteystiedot - Ostolan Fysio Keskus Oy","isPartOf":{"@id":"https:\/\/fysio-keskus.fi\/#website"},"datePublished":"2026-01-19T13:38:36+00:00","dateModified":"2026-02-03T06:47:23+00:00","breadcrumb":{"@id":"https:\/\/fysio-keskus.fi\/index.php\/yhteystiedot\/#breadcrumb"},"inLanguage":"fi","potentialAction":[{"@type":"ReadAction","target":["https:\/\/fysio-keskus.fi\/index.php\/yhteystiedot\/"]}]},{"@type":"BreadcrumbList","@id":"https:\/\/fysio-keskus.fi\/index.php\/yhteystiedot\/#breadcrumb","itemListElement":[{"@type":"ListItem","position":1,"name":"Etusivu","item":"https:\/\/fysio-keskus.fi\/"},{"@type":"ListItem","position":2,"name":"Yhteystiedot"}]},{"@type":"WebSite","@id":"https:\/\/fysio-keskus.fi\/#website","url":"https:\/\/fysio-keskus.fi\/","name":"Ostolan Fysio Keskus Oy","description":"Ostolantie 5 a 1  63700 \u00c4ht\u00e4ri","potentialAction":[{"@type":"SearchAction","target":{"@type":"EntryPoint","urlTemplate":"https:\/\/fysio-keskus.fi\/?s={search_term_string}"},"query-input":{"@type":"PropertyValueSpecification","valueRequired":true,"valueName":"search_term_string"}}],"inLanguage":"fi"}]}},"_links":{"self":[{"href":"https:\/\/fysio-keskus.fi\/index.php\/wp-json\/wp\/v2\/pages\/33","targetHints":{"allow":["GET"]}}],"collection":[{"href":"https:\/\/fysio-keskus.fi\/index.php\/wp-json\/wp\/v2\/pages"}],"about":[{"href":"https:\/\/fysio-keskus.fi\/index.php\/wp-json\/wp\/v2\/types\/page"}],"author":[{"embeddable":true,"href":"https:\/\/fysio-keskus.fi\/index.php\/wp-json\/wp\/v2\/users\/1"}],"replies":[{"embeddable":true,"href":"https:\/\/fysio-keskus.fi\/index.php\/wp-json\/wp\/v2\/comments?post=33"}],"version-history":[{"count":4,"href":"https:\/\/fysio-keskus.fi\/index.php\/wp-json\/wp\/v2\/pages\/33\/revisions"}],"predecessor-version":[{"id":75,"href":"https:\/\/fysio-keskus.fi\/index.php\/wp-json\/wp\/v2\/pages\/33\/revisions\/75"}],"wp:attachment":[{"href":"https:\/\/fysio-keskus.fi\/index.php\/wp-json\/wp\/v2\/media?parent=33"}],"curies":[{"name":"wp","href":"https:\/\/api.w.org\/{rel}","templated":true}]}}